{"id":15,"date":"2020-05-03T17:00:45","date_gmt":"2020-05-03T17:00:45","guid":{"rendered":"https:\/\/pacas-betterquality.com\/?page_id=15"},"modified":"2020-06-04T16:45:36","modified_gmt":"2020-06-04T16:45:36","slug":"tienda-de-pacas-americanas-better-quality","status":"publish","type":"page","link":"https:\/\/pacas-betterquality.com\/","title":{"rendered":"*****Tienda de Pacas Americanas Better  Quality *****"},"content":{"rendered":"\n<div style=\"text-align: center;\"><figure><iframe loading=\"lazy\" src=\"https:\/\/www.youtube.com\/embed\/1Uhtj1qeAK4\" allowfullscreen=\"\" width=\"560\" height=\"315\"><\/iframe><\/figure><\/div>\n\n\n\n<p>Con la mejor calidad en nuestros productos, esper\u00e1ndolos para atenderlos con todo el esmero que usted se merece. Vis\u00edtanos en nuestras sucursales.<\/p>\n\n\n\n<p><strong>Direcci\u00f3n en Siuna:<\/strong><\/p>\n\n\n\n<p>Barrio Sol de Libertad, frente a Caruna.<\/p>\n\n\n\n<p><strong>Direcci\u00f3n en Puerto Cabeza:<\/strong><\/p>\n\n\n\n<p>Barrio Revoluci\u00f3n, contiguo a Alcald\u00eda Municipal.<\/p>\n\n\n\n<p><strong>Direcci\u00f3n en Rosita:<\/strong><\/p>\n\n\n\n<p>Barrio Lucia Montoya, frente a tienda Romero Torrez.<\/p>\n\n\n\n<p><\/p>\n","protected":false},"excerpt":{"rendered":"<p>Con la mejor calidad en nuestros productos, esper\u00e1ndolos para atenderlos con todo el esmero que usted se merece. Vis\u00edtanos en nuestras sucursales. Direcci\u00f3n en Siuna: Barrio Sol de Libertad, frente a Caruna. Direcci\u00f3n en Puerto Cabeza: Barrio Revoluci\u00f3n, contiguo a &hellip; <a href=\"https:\/\/pacas-betterquality.com\/\">Continuar<\/a><\/p>\n","protected":false},"author":2,"featured_media":0,"parent":0,"menu_order":0,"comment_status":"closed","ping_status":"closed","template":"","meta":{"footnotes":""},"_links":{"self":[{"href":"https:\/\/pacas-betterquality.com\/index.php?rest_route=\/wp\/v2\/pages\/15"}],"collection":[{"href":"https:\/\/pacas-betterquality.com\/index.php?rest_route=\/wp\/v2\/pages"}],"about":[{"href":"https:\/\/pacas-betterquality.com\/index.php?rest_route=\/wp\/v2\/types\/page"}],"author":[{"embeddable":true,"href":"https:\/\/pacas-betterquality.com\/index.php?rest_route=\/wp\/v2\/users\/2"}],"replies":[{"embeddable":true,"href":"https:\/\/pacas-betterquality.com\/index.php?rest_route=%2Fwp%2Fv2%2Fcomments&post=15"}],"version-history":[{"count":11,"href":"https:\/\/pacas-betterquality.com\/index.php?rest_route=\/wp\/v2\/pages\/15\/revisions"}],"predecessor-version":[{"id":57,"href":"https:\/\/pacas-betterquality.com\/index.php?rest_route=\/wp\/v2\/pages\/15\/revisions\/57"}],"wp:attachment":[{"href":"https:\/\/pacas-betterquality.com\/index.php?rest_route=%2Fwp%2Fv2%2Fmedia&parent=15"}],"curies":[{"name":"wp","href":"https:\/\/api.w.org\/{rel}","templated":true}]}}